{"id":9565,"date":"2025-07-28T18:57:24","date_gmt":"2025-07-28T16:57:24","guid":{"rendered":"https:\/\/paynopain.com\/tarifas\/"},"modified":"2026-01-30T13:11:52","modified_gmt":"2026-01-30T12:11:52","slug":"comissoes-gateway-pagamento","status":"publish","type":"page","link":"https:\/\/paynopain.com\/pt-pt\/comissoes-gateway-pagamento\/","title":{"rendered":"Tarifas"},"content":{"rendered":"","protected":false},"excerpt":{"rendered":"","protected":false},"author":1,"featured_media":0,"parent":0,"menu_order":11,"comment_status":"closed","ping_status":"closed","template":"","meta":{"_acf_changed":false,"footnotes":""},"class_list":["post-9565","page","type-page","status-publish","hentry"],"acf":[],"yoast_head":"<!-- This site is optimized with the Yoast SEO plugin v27.3 - https:\/\/yoast.com\/product\/yoast-seo-wordpress\/ -->\n<title>Comiss\u00f5es da gateway de pagamento para o teu neg\u00f3cio - PaynoPain<\/title>\n<meta name=\"description\" content=\"Calcula online as comiss\u00f5es da tua gateway de pagamento: plano Start, Tarifa Plana ou \u00e0 medida e terminais online, Tap to Pay ou f\u00edsicos, sem perman\u00eancia.\" \/>\n<meta name=\"robots\" content=\"index, follow, max-snippet:-1, max-image-preview:large, max-video-preview:-1\" \/>\n<link rel=\"canonical\" href=\"https:\/\/paynopain.com\/pt-pt\/comissoes-gateway-pagamento\/\" \/>\n<meta property=\"og:locale\" content=\"pt_PT\" \/>\n<meta property=\"og:type\" content=\"article\" \/>\n<meta property=\"og:title\" content=\"Comiss\u00f5es da gateway de pagamento para o teu neg\u00f3cio - PaynoPain\" \/>\n<meta property=\"og:description\" content=\"Calcula online as comiss\u00f5es da tua gateway de pagamento: plano Start, Tarifa Plana ou \u00e0 medida e terminais online, Tap to Pay ou f\u00edsicos, sem perman\u00eancia.\" \/>\n<meta property=\"og:url\" content=\"https:\/\/paynopain.com\/pt-pt\/comissoes-gateway-pagamento\/\" \/>\n<meta property=\"og:site_name\" content=\"PaynoPain\" \/>\n<meta property=\"article:modified_time\" content=\"2026-01-30T12:11:52+00:00\" \/>\n<meta name=\"twitter:card\" content=\"summary_large_image\" \/>\n<script type=\"application\/ld+json\" class=\"yoast-schema-graph\">{\"@context\":\"https:\\\/\\\/schema.org\",\"@graph\":[{\"@type\":\"WebPage\",\"@id\":\"https:\\\/\\\/paynopain.com\\\/pt-pt\\\/comissoes-gateway-pagamento\\\/\",\"url\":\"https:\\\/\\\/paynopain.com\\\/pt-pt\\\/comissoes-gateway-pagamento\\\/\",\"name\":\"Comiss\u00f5es da gateway de pagamento para o teu neg\u00f3cio - PaynoPain\",\"isPartOf\":{\"@id\":\"https:\\\/\\\/paynopain.com\\\/pt-pt\\\/#website\"},\"datePublished\":\"2025-07-28T16:57:24+00:00\",\"dateModified\":\"2026-01-30T12:11:52+00:00\",\"description\":\"Calcula online as comiss\u00f5es da tua gateway de pagamento: plano Start, Tarifa Plana ou \u00e0 medida e terminais online, Tap to Pay ou f\u00edsicos, sem perman\u00eancia.\",\"breadcrumb\":{\"@id\":\"https:\\\/\\\/paynopain.com\\\/pt-pt\\\/comissoes-gateway-pagamento\\\/#breadcrumb\"},\"inLanguage\":\"pt-PT\",\"potentialAction\":[{\"@type\":\"ReadAction\",\"target\":[\"https:\\\/\\\/paynopain.com\\\/pt-pt\\\/comissoes-gateway-pagamento\\\/\"]}]},{\"@type\":\"BreadcrumbList\",\"@id\":\"https:\\\/\\\/paynopain.com\\\/pt-pt\\\/comissoes-gateway-pagamento\\\/#breadcrumb\",\"itemListElement\":[{\"@type\":\"ListItem\",\"position\":1,\"name\":\"Portada\",\"item\":\"https:\\\/\\\/paynopain.com\\\/pt-pt\\\/\"},{\"@type\":\"ListItem\",\"position\":2,\"name\":\"Tarifas\"}]},{\"@type\":\"WebSite\",\"@id\":\"https:\\\/\\\/paynopain.com\\\/pt-pt\\\/#website\",\"url\":\"https:\\\/\\\/paynopain.com\\\/pt-pt\\\/\",\"name\":\"PaynoPain\",\"description\":\"\",\"potentialAction\":[{\"@type\":\"SearchAction\",\"target\":{\"@type\":\"EntryPoint\",\"urlTemplate\":\"https:\\\/\\\/paynopain.com\\\/pt-pt\\\/?s={search_term_string}\"},\"query-input\":{\"@type\":\"PropertyValueSpecification\",\"valueRequired\":true,\"valueName\":\"search_term_string\"}}],\"inLanguage\":\"pt-PT\"}]}<\/script>\n<!-- \/ Yoast SEO plugin. -->","yoast_head_json":{"title":"Comiss\u00f5es da gateway de pagamento para o teu neg\u00f3cio - PaynoPain","description":"Calcula online as comiss\u00f5es da tua gateway de pagamento: plano Start, Tarifa Plana ou \u00e0 medida e terminais online, Tap to Pay ou f\u00edsicos, sem perman\u00eancia.","robots":{"index":"index","follow":"follow","max-snippet":"max-snippet:-1","max-image-preview":"max-image-preview:large","max-video-preview":"max-video-preview:-1"},"canonical":"https:\/\/paynopain.com\/pt-pt\/comissoes-gateway-pagamento\/","og_locale":"pt_PT","og_type":"article","og_title":"Comiss\u00f5es da gateway de pagamento para o teu neg\u00f3cio - PaynoPain","og_description":"Calcula online as comiss\u00f5es da tua gateway de pagamento: plano Start, Tarifa Plana ou \u00e0 medida e terminais online, Tap to Pay ou f\u00edsicos, sem perman\u00eancia.","og_url":"https:\/\/paynopain.com\/pt-pt\/comissoes-gateway-pagamento\/","og_site_name":"PaynoPain","article_modified_time":"2026-01-30T12:11:52+00:00","twitter_card":"summary_large_image","schema":{"@context":"https:\/\/schema.org","@graph":[{"@type":"WebPage","@id":"https:\/\/paynopain.com\/pt-pt\/comissoes-gateway-pagamento\/","url":"https:\/\/paynopain.com\/pt-pt\/comissoes-gateway-pagamento\/","name":"Comiss\u00f5es da gateway de pagamento para o teu neg\u00f3cio - PaynoPain","isPartOf":{"@id":"https:\/\/paynopain.com\/pt-pt\/#website"},"datePublished":"2025-07-28T16:57:24+00:00","dateModified":"2026-01-30T12:11:52+00:00","description":"Calcula online as comiss\u00f5es da tua gateway de pagamento: plano Start, Tarifa Plana ou \u00e0 medida e terminais online, Tap to Pay ou f\u00edsicos, sem perman\u00eancia.","breadcrumb":{"@id":"https:\/\/paynopain.com\/pt-pt\/comissoes-gateway-pagamento\/#breadcrumb"},"inLanguage":"pt-PT","potentialAction":[{"@type":"ReadAction","target":["https:\/\/paynopain.com\/pt-pt\/comissoes-gateway-pagamento\/"]}]},{"@type":"BreadcrumbList","@id":"https:\/\/paynopain.com\/pt-pt\/comissoes-gateway-pagamento\/#breadcrumb","itemListElement":[{"@type":"ListItem","position":1,"name":"Portada","item":"https:\/\/paynopain.com\/pt-pt\/"},{"@type":"ListItem","position":2,"name":"Tarifas"}]},{"@type":"WebSite","@id":"https:\/\/paynopain.com\/pt-pt\/#website","url":"https:\/\/paynopain.com\/pt-pt\/","name":"PaynoPain","description":"","potentialAction":[{"@type":"SearchAction","target":{"@type":"EntryPoint","urlTemplate":"https:\/\/paynopain.com\/pt-pt\/?s={search_term_string}"},"query-input":{"@type":"PropertyValueSpecification","valueRequired":true,"valueName":"search_term_string"}}],"inLanguage":"pt-PT"}]}},"_links":{"self":[{"href":"https:\/\/paynopain.com\/pt-pt\/wp-json\/wp\/v2\/pages\/9565","targetHints":{"allow":["GET"]}}],"collection":[{"href":"https:\/\/paynopain.com\/pt-pt\/wp-json\/wp\/v2\/pages"}],"about":[{"href":"https:\/\/paynopain.com\/pt-pt\/wp-json\/wp\/v2\/types\/page"}],"author":[{"embeddable":true,"href":"https:\/\/paynopain.com\/pt-pt\/wp-json\/wp\/v2\/users\/1"}],"replies":[{"embeddable":true,"href":"https:\/\/paynopain.com\/pt-pt\/wp-json\/wp\/v2\/comments?post=9565"}],"version-history":[{"count":12,"href":"https:\/\/paynopain.com\/pt-pt\/wp-json\/wp\/v2\/pages\/9565\/revisions"}],"predecessor-version":[{"id":14895,"href":"https:\/\/paynopain.com\/pt-pt\/wp-json\/wp\/v2\/pages\/9565\/revisions\/14895"}],"wp:attachment":[{"href":"https:\/\/paynopain.com\/pt-pt\/wp-json\/wp\/v2\/media?parent=9565"}],"curies":[{"name":"wp","href":"https:\/\/api.w.org\/{rel}","templated":true}]}}