{"id":9570,"date":"2025-07-28T18:57:05","date_gmt":"2025-07-28T16:57:05","guid":{"rendered":"https:\/\/paynopain.com\/glosario\/"},"modified":"2025-11-17T13:09:39","modified_gmt":"2025-11-17T12:09:39","slug":"glossario","status":"publish","type":"page","link":"https:\/\/paynopain.com\/pt-pt\/glossario\/","title":{"rendered":"Glosario"},"content":{"rendered":"","protected":false},"excerpt":{"rendered":"","protected":false},"author":1,"featured_media":0,"parent":0,"menu_order":12,"comment_status":"closed","ping_status":"closed","template":"","meta":{"_acf_changed":false,"footnotes":""},"class_list":["post-9570","page","type-page","status-publish","hentry"],"acf":[],"yoast_head":"<!-- This site is optimized with the Yoast SEO plugin v27.3 - https:\/\/yoast.com\/product\/yoast-seo-wordpress\/ -->\n<title>Dicion\u00e1rio de pagamentos e eCommerce - PaynoPain<\/title>\n<meta name=\"description\" content=\"Dicion\u00e1rio de pagamentos de eCommerce e meios de pagamento: termos-chave do com\u00e9rcio eletr\u00f3nico e dos pagamentos digitais explicados de forma clara e simples.\" \/>\n<meta name=\"robots\" content=\"index, follow, max-snippet:-1, max-image-preview:large, max-video-preview:-1\" \/>\n<link rel=\"canonical\" href=\"https:\/\/paynopain.com\/pt-pt\/glossario\/\" \/>\n<meta property=\"og:locale\" content=\"pt_PT\" \/>\n<meta property=\"og:type\" content=\"article\" \/>\n<meta property=\"og:title\" content=\"Dicion\u00e1rio de pagamentos e eCommerce - PaynoPain\" \/>\n<meta property=\"og:description\" content=\"Dicion\u00e1rio de pagamentos de eCommerce e meios de pagamento: termos-chave do com\u00e9rcio eletr\u00f3nico e dos pagamentos digitais explicados de forma clara e simples.\" \/>\n<meta property=\"og:url\" content=\"https:\/\/paynopain.com\/pt-pt\/glossario\/\" \/>\n<meta property=\"og:site_name\" content=\"PaynoPain\" \/>\n<meta property=\"article:modified_time\" content=\"2025-11-17T12:09:39+00:00\" \/>\n<meta name=\"twitter:card\" content=\"summary_large_image\" \/>\n<script type=\"application\/ld+json\" class=\"yoast-schema-graph\">{\"@context\":\"https:\\\/\\\/schema.org\",\"@graph\":[{\"@type\":\"WebPage\",\"@id\":\"https:\\\/\\\/paynopain.com\\\/pt-pt\\\/glossario\\\/\",\"url\":\"https:\\\/\\\/paynopain.com\\\/pt-pt\\\/glossario\\\/\",\"name\":\"Dicion\u00e1rio de pagamentos e eCommerce - PaynoPain\",\"isPartOf\":{\"@id\":\"https:\\\/\\\/paynopain.com\\\/pt-pt\\\/#website\"},\"datePublished\":\"2025-07-28T16:57:05+00:00\",\"dateModified\":\"2025-11-17T12:09:39+00:00\",\"description\":\"Dicion\u00e1rio de pagamentos de eCommerce e meios de pagamento: termos-chave do com\u00e9rcio eletr\u00f3nico e dos pagamentos digitais explicados de forma clara e simples.\",\"breadcrumb\":{\"@id\":\"https:\\\/\\\/paynopain.com\\\/pt-pt\\\/glossario\\\/#breadcrumb\"},\"inLanguage\":\"pt-PT\",\"potentialAction\":[{\"@type\":\"ReadAction\",\"target\":[\"https:\\\/\\\/paynopain.com\\\/pt-pt\\\/glossario\\\/\"]}]},{\"@type\":\"BreadcrumbList\",\"@id\":\"https:\\\/\\\/paynopain.com\\\/pt-pt\\\/glossario\\\/#breadcrumb\",\"itemListElement\":[{\"@type\":\"ListItem\",\"position\":1,\"name\":\"Portada\",\"item\":\"https:\\\/\\\/paynopain.com\\\/pt-pt\\\/\"},{\"@type\":\"ListItem\",\"position\":2,\"name\":\"Glosario\"}]},{\"@type\":\"WebSite\",\"@id\":\"https:\\\/\\\/paynopain.com\\\/pt-pt\\\/#website\",\"url\":\"https:\\\/\\\/paynopain.com\\\/pt-pt\\\/\",\"name\":\"PaynoPain\",\"description\":\"\",\"potentialAction\":[{\"@type\":\"SearchAction\",\"target\":{\"@type\":\"EntryPoint\",\"urlTemplate\":\"https:\\\/\\\/paynopain.com\\\/pt-pt\\\/?s={search_term_string}\"},\"query-input\":{\"@type\":\"PropertyValueSpecification\",\"valueRequired\":true,\"valueName\":\"search_term_string\"}}],\"inLanguage\":\"pt-PT\"}]}<\/script>\n<!-- \/ Yoast SEO plugin. -->","yoast_head_json":{"title":"Dicion\u00e1rio de pagamentos e eCommerce - PaynoPain","description":"Dicion\u00e1rio de pagamentos de eCommerce e meios de pagamento: termos-chave do com\u00e9rcio eletr\u00f3nico e dos pagamentos digitais explicados de forma clara e simples.","robots":{"index":"index","follow":"follow","max-snippet":"max-snippet:-1","max-image-preview":"max-image-preview:large","max-video-preview":"max-video-preview:-1"},"canonical":"https:\/\/paynopain.com\/pt-pt\/glossario\/","og_locale":"pt_PT","og_type":"article","og_title":"Dicion\u00e1rio de pagamentos e eCommerce - PaynoPain","og_description":"Dicion\u00e1rio de pagamentos de eCommerce e meios de pagamento: termos-chave do com\u00e9rcio eletr\u00f3nico e dos pagamentos digitais explicados de forma clara e simples.","og_url":"https:\/\/paynopain.com\/pt-pt\/glossario\/","og_site_name":"PaynoPain","article_modified_time":"2025-11-17T12:09:39+00:00","twitter_card":"summary_large_image","schema":{"@context":"https:\/\/schema.org","@graph":[{"@type":"WebPage","@id":"https:\/\/paynopain.com\/pt-pt\/glossario\/","url":"https:\/\/paynopain.com\/pt-pt\/glossario\/","name":"Dicion\u00e1rio de pagamentos e eCommerce - PaynoPain","isPartOf":{"@id":"https:\/\/paynopain.com\/pt-pt\/#website"},"datePublished":"2025-07-28T16:57:05+00:00","dateModified":"2025-11-17T12:09:39+00:00","description":"Dicion\u00e1rio de pagamentos de eCommerce e meios de pagamento: termos-chave do com\u00e9rcio eletr\u00f3nico e dos pagamentos digitais explicados de forma clara e simples.","breadcrumb":{"@id":"https:\/\/paynopain.com\/pt-pt\/glossario\/#breadcrumb"},"inLanguage":"pt-PT","potentialAction":[{"@type":"ReadAction","target":["https:\/\/paynopain.com\/pt-pt\/glossario\/"]}]},{"@type":"BreadcrumbList","@id":"https:\/\/paynopain.com\/pt-pt\/glossario\/#breadcrumb","itemListElement":[{"@type":"ListItem","position":1,"name":"Portada","item":"https:\/\/paynopain.com\/pt-pt\/"},{"@type":"ListItem","position":2,"name":"Glosario"}]},{"@type":"WebSite","@id":"https:\/\/paynopain.com\/pt-pt\/#website","url":"https:\/\/paynopain.com\/pt-pt\/","name":"PaynoPain","description":"","potentialAction":[{"@type":"SearchAction","target":{"@type":"EntryPoint","urlTemplate":"https:\/\/paynopain.com\/pt-pt\/?s={search_term_string}"},"query-input":{"@type":"PropertyValueSpecification","valueRequired":true,"valueName":"search_term_string"}}],"inLanguage":"pt-PT"}]}},"_links":{"self":[{"href":"https:\/\/paynopain.com\/pt-pt\/wp-json\/wp\/v2\/pages\/9570","targetHints":{"allow":["GET"]}}],"collection":[{"href":"https:\/\/paynopain.com\/pt-pt\/wp-json\/wp\/v2\/pages"}],"about":[{"href":"https:\/\/paynopain.com\/pt-pt\/wp-json\/wp\/v2\/types\/page"}],"author":[{"embeddable":true,"href":"https:\/\/paynopain.com\/pt-pt\/wp-json\/wp\/v2\/users\/1"}],"replies":[{"embeddable":true,"href":"https:\/\/paynopain.com\/pt-pt\/wp-json\/wp\/v2\/comments?post=9570"}],"version-history":[{"count":3,"href":"https:\/\/paynopain.com\/pt-pt\/wp-json\/wp\/v2\/pages\/9570\/revisions"}],"predecessor-version":[{"id":13290,"href":"https:\/\/paynopain.com\/pt-pt\/wp-json\/wp\/v2\/pages\/9570\/revisions\/13290"}],"wp:attachment":[{"href":"https:\/\/paynopain.com\/pt-pt\/wp-json\/wp\/v2\/media?parent=9570"}],"curies":[{"name":"wp","href":"https:\/\/api.w.org\/{rel}","templated":true}]}}