{"id":9575,"date":"2025-07-28T18:56:49","date_gmt":"2025-07-28T16:56:49","guid":{"rendered":"https:\/\/paynopain.com\/partners\/"},"modified":"2025-11-17T05:22:58","modified_gmt":"2025-11-17T04:22:58","slug":"partners","status":"publish","type":"page","link":"https:\/\/paynopain.com\/pt-pt\/partners\/","title":{"rendered":"Partners"},"content":{"rendered":"","protected":false},"excerpt":{"rendered":"","protected":false},"author":1,"featured_media":0,"parent":0,"menu_order":3,"comment_status":"closed","ping_status":"closed","template":"","meta":{"_acf_changed":false,"footnotes":""},"class_list":["post-9575","page","type-page","status-publish","hentry"],"acf":[],"yoast_head":"<!-- This site is optimized with the Yoast SEO plugin v27.3 - https:\/\/yoast.com\/product\/yoast-seo-wordpress\/ -->\n<title>Partners tecnol\u00f3gicos em solu\u00e7\u00f5es de pagamento - PaynoPain<\/title>\n<meta name=\"description\" content=\"Descobre os nossos partners tecnol\u00f3gicos que impulsionam a gateway de pagamento da PayNoPain com solu\u00e7\u00f5es inovadoras, seguras e adaptadas a cada projeto.\" \/>\n<meta name=\"robots\" content=\"index, follow, max-snippet:-1, max-image-preview:large, max-video-preview:-1\" \/>\n<link rel=\"canonical\" href=\"https:\/\/paynopain.com\/pt-pt\/partners\/\" \/>\n<meta property=\"og:locale\" content=\"pt_PT\" \/>\n<meta property=\"og:type\" content=\"article\" \/>\n<meta property=\"og:title\" content=\"Partners tecnol\u00f3gicos em solu\u00e7\u00f5es de pagamento - PaynoPain\" \/>\n<meta property=\"og:description\" content=\"Descobre os nossos partners tecnol\u00f3gicos que impulsionam a gateway de pagamento da PayNoPain com solu\u00e7\u00f5es inovadoras, seguras e adaptadas a cada projeto.\" \/>\n<meta property=\"og:url\" content=\"https:\/\/paynopain.com\/pt-pt\/partners\/\" \/>\n<meta property=\"og:site_name\" content=\"PaynoPain\" \/>\n<meta property=\"article:modified_time\" content=\"2025-11-17T04:22:58+00:00\" \/>\n<meta name=\"twitter:card\" content=\"summary_large_image\" \/>\n<script type=\"application\/ld+json\" class=\"yoast-schema-graph\">{\"@context\":\"https:\\\/\\\/schema.org\",\"@graph\":[{\"@type\":\"WebPage\",\"@id\":\"https:\\\/\\\/paynopain.com\\\/pt-pt\\\/partners\\\/\",\"url\":\"https:\\\/\\\/paynopain.com\\\/pt-pt\\\/partners\\\/\",\"name\":\"Partners tecnol\u00f3gicos em solu\u00e7\u00f5es de pagamento - PaynoPain\",\"isPartOf\":{\"@id\":\"https:\\\/\\\/paynopain.com\\\/pt-pt\\\/#website\"},\"datePublished\":\"2025-07-28T16:56:49+00:00\",\"dateModified\":\"2025-11-17T04:22:58+00:00\",\"description\":\"Descobre os nossos partners tecnol\u00f3gicos que impulsionam a gateway de pagamento da PayNoPain com solu\u00e7\u00f5es inovadoras, seguras e adaptadas a cada projeto.\",\"breadcrumb\":{\"@id\":\"https:\\\/\\\/paynopain.com\\\/pt-pt\\\/partners\\\/#breadcrumb\"},\"inLanguage\":\"pt-PT\",\"potentialAction\":[{\"@type\":\"ReadAction\",\"target\":[\"https:\\\/\\\/paynopain.com\\\/pt-pt\\\/partners\\\/\"]}]},{\"@type\":\"BreadcrumbList\",\"@id\":\"https:\\\/\\\/paynopain.com\\\/pt-pt\\\/partners\\\/#breadcrumb\",\"itemListElement\":[{\"@type\":\"ListItem\",\"position\":1,\"name\":\"Portada\",\"item\":\"https:\\\/\\\/paynopain.com\\\/pt-pt\\\/\"},{\"@type\":\"ListItem\",\"position\":2,\"name\":\"Partners\"}]},{\"@type\":\"WebSite\",\"@id\":\"https:\\\/\\\/paynopain.com\\\/pt-pt\\\/#website\",\"url\":\"https:\\\/\\\/paynopain.com\\\/pt-pt\\\/\",\"name\":\"PaynoPain\",\"description\":\"\",\"potentialAction\":[{\"@type\":\"SearchAction\",\"target\":{\"@type\":\"EntryPoint\",\"urlTemplate\":\"https:\\\/\\\/paynopain.com\\\/pt-pt\\\/?s={search_term_string}\"},\"query-input\":{\"@type\":\"PropertyValueSpecification\",\"valueRequired\":true,\"valueName\":\"search_term_string\"}}],\"inLanguage\":\"pt-PT\"}]}<\/script>\n<!-- \/ Yoast SEO plugin. -->","yoast_head_json":{"title":"Partners tecnol\u00f3gicos em solu\u00e7\u00f5es de pagamento - PaynoPain","description":"Descobre os nossos partners tecnol\u00f3gicos que impulsionam a gateway de pagamento da PayNoPain com solu\u00e7\u00f5es inovadoras, seguras e adaptadas a cada projeto.","robots":{"index":"index","follow":"follow","max-snippet":"max-snippet:-1","max-image-preview":"max-image-preview:large","max-video-preview":"max-video-preview:-1"},"canonical":"https:\/\/paynopain.com\/pt-pt\/partners\/","og_locale":"pt_PT","og_type":"article","og_title":"Partners tecnol\u00f3gicos em solu\u00e7\u00f5es de pagamento - PaynoPain","og_description":"Descobre os nossos partners tecnol\u00f3gicos que impulsionam a gateway de pagamento da PayNoPain com solu\u00e7\u00f5es inovadoras, seguras e adaptadas a cada projeto.","og_url":"https:\/\/paynopain.com\/pt-pt\/partners\/","og_site_name":"PaynoPain","article_modified_time":"2025-11-17T04:22:58+00:00","twitter_card":"summary_large_image","schema":{"@context":"https:\/\/schema.org","@graph":[{"@type":"WebPage","@id":"https:\/\/paynopain.com\/pt-pt\/partners\/","url":"https:\/\/paynopain.com\/pt-pt\/partners\/","name":"Partners tecnol\u00f3gicos em solu\u00e7\u00f5es de pagamento - PaynoPain","isPartOf":{"@id":"https:\/\/paynopain.com\/pt-pt\/#website"},"datePublished":"2025-07-28T16:56:49+00:00","dateModified":"2025-11-17T04:22:58+00:00","description":"Descobre os nossos partners tecnol\u00f3gicos que impulsionam a gateway de pagamento da PayNoPain com solu\u00e7\u00f5es inovadoras, seguras e adaptadas a cada projeto.","breadcrumb":{"@id":"https:\/\/paynopain.com\/pt-pt\/partners\/#breadcrumb"},"inLanguage":"pt-PT","potentialAction":[{"@type":"ReadAction","target":["https:\/\/paynopain.com\/pt-pt\/partners\/"]}]},{"@type":"BreadcrumbList","@id":"https:\/\/paynopain.com\/pt-pt\/partners\/#breadcrumb","itemListElement":[{"@type":"ListItem","position":1,"name":"Portada","item":"https:\/\/paynopain.com\/pt-pt\/"},{"@type":"ListItem","position":2,"name":"Partners"}]},{"@type":"WebSite","@id":"https:\/\/paynopain.com\/pt-pt\/#website","url":"https:\/\/paynopain.com\/pt-pt\/","name":"PaynoPain","description":"","potentialAction":[{"@type":"SearchAction","target":{"@type":"EntryPoint","urlTemplate":"https:\/\/paynopain.com\/pt-pt\/?s={search_term_string}"},"query-input":{"@type":"PropertyValueSpecification","valueRequired":true,"valueName":"search_term_string"}}],"inLanguage":"pt-PT"}]}},"_links":{"self":[{"href":"https:\/\/paynopain.com\/pt-pt\/wp-json\/wp\/v2\/pages\/9575","targetHints":{"allow":["GET"]}}],"collection":[{"href":"https:\/\/paynopain.com\/pt-pt\/wp-json\/wp\/v2\/pages"}],"about":[{"href":"https:\/\/paynopain.com\/pt-pt\/wp-json\/wp\/v2\/types\/page"}],"author":[{"embeddable":true,"href":"https:\/\/paynopain.com\/pt-pt\/wp-json\/wp\/v2\/users\/1"}],"replies":[{"embeddable":true,"href":"https:\/\/paynopain.com\/pt-pt\/wp-json\/wp\/v2\/comments?post=9575"}],"version-history":[{"count":6,"href":"https:\/\/paynopain.com\/pt-pt\/wp-json\/wp\/v2\/pages\/9575\/revisions"}],"predecessor-version":[{"id":13180,"href":"https:\/\/paynopain.com\/pt-pt\/wp-json\/wp\/v2\/pages\/9575\/revisions\/13180"}],"wp:attachment":[{"href":"https:\/\/paynopain.com\/pt-pt\/wp-json\/wp\/v2\/media?parent=9575"}],"curies":[{"name":"wp","href":"https:\/\/api.w.org\/{rel}","templated":true}]}}