{"id":9582,"date":"2025-07-28T18:56:39","date_gmt":"2025-07-28T16:56:39","guid":{"rendered":"https:\/\/paynopain.com\/equipo\/"},"modified":"2026-02-19T10:25:49","modified_gmt":"2026-02-19T09:25:49","slug":"echipa-paynopain","status":"publish","type":"page","link":"https:\/\/paynopain.com\/ro\/echipa-paynopain\/","title":{"rendered":"Equipo"},"content":{"rendered":"","protected":false},"excerpt":{"rendered":"","protected":false},"author":1,"featured_media":0,"parent":0,"menu_order":2,"comment_status":"closed","ping_status":"closed","template":"","meta":{"_acf_changed":false,"footnotes":""},"class_list":["post-9582","page","type-page","status-publish","hentry"],"acf":[],"yoast_head":"<!-- This site is optimized with the Yoast SEO plugin v27.3 - https:\/\/yoast.com\/product\/yoast-seo-wordpress\/ -->\n<title>Face\u021bi cuno\u0219tin\u021b\u0103 cu oamenii \u0219i profesioni\u0219tii din spatele PaynoPain<\/title>\n<meta name=\"description\" content=\"Face\u021bi cuno\u0219tin\u021b\u0103 cu membrii echipei de profesioni\u0219ti care alc\u0103tuiesc PaynoPain. Exper\u021bi \u00een tehnologie financiar\u0103 care lucreaz\u0103 la proiecte fintech inovatoare.\" \/>\n<meta name=\"robots\" content=\"index, follow, max-snippet:-1, max-image-preview:large, max-video-preview:-1\" \/>\n<link rel=\"canonical\" href=\"https:\/\/paynopain.com\/ro\/echipa-paynopain\/\" \/>\n<meta property=\"og:locale\" content=\"ro_RO\" \/>\n<meta property=\"og:type\" content=\"article\" \/>\n<meta property=\"og:title\" content=\"Face\u021bi cuno\u0219tin\u021b\u0103 cu oamenii \u0219i profesioni\u0219tii din spatele PaynoPain\" \/>\n<meta property=\"og:description\" content=\"Face\u021bi cuno\u0219tin\u021b\u0103 cu membrii echipei de profesioni\u0219ti care alc\u0103tuiesc PaynoPain. Exper\u021bi \u00een tehnologie financiar\u0103 care lucreaz\u0103 la proiecte fintech inovatoare.\" \/>\n<meta property=\"og:url\" content=\"https:\/\/paynopain.com\/ro\/echipa-paynopain\/\" \/>\n<meta property=\"og:site_name\" content=\"PaynoPain\" \/>\n<meta property=\"article:modified_time\" content=\"2026-02-19T09:25:49+00:00\" \/>\n<meta name=\"twitter:card\" content=\"summary_large_image\" \/>\n<script type=\"application\/ld+json\" class=\"yoast-schema-graph\">{\"@context\":\"https:\\\/\\\/schema.org\",\"@graph\":[{\"@type\":\"WebPage\",\"@id\":\"https:\\\/\\\/paynopain.com\\\/ro\\\/echipa-paynopain\\\/\",\"url\":\"https:\\\/\\\/paynopain.com\\\/ro\\\/echipa-paynopain\\\/\",\"name\":\"Face\u021bi cuno\u0219tin\u021b\u0103 cu oamenii \u0219i profesioni\u0219tii din spatele PaynoPain\",\"isPartOf\":{\"@id\":\"https:\\\/\\\/paynopain.com\\\/ro\\\/#website\"},\"datePublished\":\"2025-07-28T16:56:39+00:00\",\"dateModified\":\"2026-02-19T09:25:49+00:00\",\"description\":\"Face\u021bi cuno\u0219tin\u021b\u0103 cu membrii echipei de profesioni\u0219ti care alc\u0103tuiesc PaynoPain. Exper\u021bi \u00een tehnologie financiar\u0103 care lucreaz\u0103 la proiecte fintech inovatoare.\",\"breadcrumb\":{\"@id\":\"https:\\\/\\\/paynopain.com\\\/ro\\\/echipa-paynopain\\\/#breadcrumb\"},\"inLanguage\":\"ro-RO\",\"potentialAction\":[{\"@type\":\"ReadAction\",\"target\":[\"https:\\\/\\\/paynopain.com\\\/ro\\\/echipa-paynopain\\\/\"]}]},{\"@type\":\"BreadcrumbList\",\"@id\":\"https:\\\/\\\/paynopain.com\\\/ro\\\/echipa-paynopain\\\/#breadcrumb\",\"itemListElement\":[{\"@type\":\"ListItem\",\"position\":1,\"name\":\"Portada\",\"item\":\"https:\\\/\\\/paynopain.com\\\/ro\\\/\"},{\"@type\":\"ListItem\",\"position\":2,\"name\":\"Equipo\"}]},{\"@type\":\"WebSite\",\"@id\":\"https:\\\/\\\/paynopain.com\\\/ro\\\/#website\",\"url\":\"https:\\\/\\\/paynopain.com\\\/ro\\\/\",\"name\":\"PaynoPain\",\"description\":\"\",\"potentialAction\":[{\"@type\":\"SearchAction\",\"target\":{\"@type\":\"EntryPoint\",\"urlTemplate\":\"https:\\\/\\\/paynopain.com\\\/ro\\\/?s={search_term_string}\"},\"query-input\":{\"@type\":\"PropertyValueSpecification\",\"valueRequired\":true,\"valueName\":\"search_term_string\"}}],\"inLanguage\":\"ro-RO\"}]}<\/script>\n<!-- \/ Yoast SEO plugin. -->","yoast_head_json":{"title":"Face\u021bi cuno\u0219tin\u021b\u0103 cu oamenii \u0219i profesioni\u0219tii din spatele PaynoPain","description":"Face\u021bi cuno\u0219tin\u021b\u0103 cu membrii echipei de profesioni\u0219ti care alc\u0103tuiesc PaynoPain. Exper\u021bi \u00een tehnologie financiar\u0103 care lucreaz\u0103 la proiecte fintech inovatoare.","robots":{"index":"index","follow":"follow","max-snippet":"max-snippet:-1","max-image-preview":"max-image-preview:large","max-video-preview":"max-video-preview:-1"},"canonical":"https:\/\/paynopain.com\/ro\/echipa-paynopain\/","og_locale":"ro_RO","og_type":"article","og_title":"Face\u021bi cuno\u0219tin\u021b\u0103 cu oamenii \u0219i profesioni\u0219tii din spatele PaynoPain","og_description":"Face\u021bi cuno\u0219tin\u021b\u0103 cu membrii echipei de profesioni\u0219ti care alc\u0103tuiesc PaynoPain. Exper\u021bi \u00een tehnologie financiar\u0103 care lucreaz\u0103 la proiecte fintech inovatoare.","og_url":"https:\/\/paynopain.com\/ro\/echipa-paynopain\/","og_site_name":"PaynoPain","article_modified_time":"2026-02-19T09:25:49+00:00","twitter_card":"summary_large_image","schema":{"@context":"https:\/\/schema.org","@graph":[{"@type":"WebPage","@id":"https:\/\/paynopain.com\/ro\/echipa-paynopain\/","url":"https:\/\/paynopain.com\/ro\/echipa-paynopain\/","name":"Face\u021bi cuno\u0219tin\u021b\u0103 cu oamenii \u0219i profesioni\u0219tii din spatele PaynoPain","isPartOf":{"@id":"https:\/\/paynopain.com\/ro\/#website"},"datePublished":"2025-07-28T16:56:39+00:00","dateModified":"2026-02-19T09:25:49+00:00","description":"Face\u021bi cuno\u0219tin\u021b\u0103 cu membrii echipei de profesioni\u0219ti care alc\u0103tuiesc PaynoPain. Exper\u021bi \u00een tehnologie financiar\u0103 care lucreaz\u0103 la proiecte fintech inovatoare.","breadcrumb":{"@id":"https:\/\/paynopain.com\/ro\/echipa-paynopain\/#breadcrumb"},"inLanguage":"ro-RO","potentialAction":[{"@type":"ReadAction","target":["https:\/\/paynopain.com\/ro\/echipa-paynopain\/"]}]},{"@type":"BreadcrumbList","@id":"https:\/\/paynopain.com\/ro\/echipa-paynopain\/#breadcrumb","itemListElement":[{"@type":"ListItem","position":1,"name":"Portada","item":"https:\/\/paynopain.com\/ro\/"},{"@type":"ListItem","position":2,"name":"Equipo"}]},{"@type":"WebSite","@id":"https:\/\/paynopain.com\/ro\/#website","url":"https:\/\/paynopain.com\/ro\/","name":"PaynoPain","description":"","potentialAction":[{"@type":"SearchAction","target":{"@type":"EntryPoint","urlTemplate":"https:\/\/paynopain.com\/ro\/?s={search_term_string}"},"query-input":{"@type":"PropertyValueSpecification","valueRequired":true,"valueName":"search_term_string"}}],"inLanguage":"ro-RO"}]}},"_links":{"self":[{"href":"https:\/\/paynopain.com\/ro\/wp-json\/wp\/v2\/pages\/9582","targetHints":{"allow":["GET"]}}],"collection":[{"href":"https:\/\/paynopain.com\/ro\/wp-json\/wp\/v2\/pages"}],"about":[{"href":"https:\/\/paynopain.com\/ro\/wp-json\/wp\/v2\/types\/page"}],"author":[{"embeddable":true,"href":"https:\/\/paynopain.com\/ro\/wp-json\/wp\/v2\/users\/1"}],"replies":[{"embeddable":true,"href":"https:\/\/paynopain.com\/ro\/wp-json\/wp\/v2\/comments?post=9582"}],"version-history":[{"count":23,"href":"https:\/\/paynopain.com\/ro\/wp-json\/wp\/v2\/pages\/9582\/revisions"}],"predecessor-version":[{"id":15412,"href":"https:\/\/paynopain.com\/ro\/wp-json\/wp\/v2\/pages\/9582\/revisions\/15412"}],"wp:attachment":[{"href":"https:\/\/paynopain.com\/ro\/wp-json\/wp\/v2\/media?parent=9582"}],"curies":[{"name":"wp","href":"https:\/\/api.w.org\/{rel}","templated":true}]}}