{"id":9600,"date":"2025-07-28T18:49:11","date_gmt":"2025-07-28T16:49:11","guid":{"rendered":"https:\/\/paynopain.com\/paynopain\/"},"modified":"2026-03-16T10:11:25","modified_gmt":"2026-03-16T09:11:25","slug":"paynopain","status":"publish","type":"page","link":"https:\/\/paynopain.com\/ro\/","title":{"rendered":"Paynopain"},"content":{"rendered":"","protected":false},"excerpt":{"rendered":"","protected":false},"author":1,"featured_media":0,"parent":0,"menu_order":0,"comment_status":"closed","ping_status":"closed","template":"","meta":{"_acf_changed":false,"footnotes":""},"class_list":["post-9600","page","type-page","status-publish","hentry"],"acf":[],"yoast_head":"<!-- This site is optimized with the Yoast SEO plugin v27.5 - https:\/\/yoast.com\/product\/yoast-seo-wordpress\/ -->\n<title>Accept\u0103 pl\u0103\u021bi online cu PaynoPain. Sigur, simplu \u0219i rapid - PaynoPain<\/title>\n<meta name=\"description\" content=\"Cel mai eficient procesator de pl\u0103\u021bi pentru afacerea ta online. O platform\u0103 cu toate metodele de plat\u0103 de care ai nevoie. Afl\u0103 mai multe!\" \/>\n<meta name=\"robots\" content=\"index, follow, max-snippet:-1, max-image-preview:large, max-video-preview:-1\" \/>\n<link rel=\"canonical\" href=\"https:\/\/paynopain.com\/ro\/\" \/>\n<meta property=\"og:locale\" content=\"ro_RO\" \/>\n<meta property=\"og:type\" content=\"article\" \/>\n<meta property=\"og:title\" content=\"Accept\u0103 pl\u0103\u021bi online cu PaynoPain. Sigur, simplu \u0219i rapid - PaynoPain\" \/>\n<meta property=\"og:description\" content=\"Cel mai eficient procesator de pl\u0103\u021bi pentru afacerea ta online. O platform\u0103 cu toate metodele de plat\u0103 de care ai nevoie. Afl\u0103 mai multe!\" \/>\n<meta property=\"og:url\" content=\"https:\/\/paynopain.com\/ro\/\" \/>\n<meta property=\"og:site_name\" content=\"PaynoPain\" \/>\n<meta property=\"article:modified_time\" content=\"2026-03-16T09:11:25+00:00\" \/>\n<meta name=\"twitter:card\" content=\"summary_large_image\" \/>\n<script type=\"application\/ld+json\" class=\"yoast-schema-graph\">{\"@context\":\"https:\\\/\\\/schema.org\",\"@graph\":[{\"@type\":\"WebPage\",\"@id\":\"https:\\\/\\\/paynopain.com\\\/ro\\\/\",\"url\":\"https:\\\/\\\/paynopain.com\\\/ro\\\/\",\"name\":\"Accept\u0103 pl\u0103\u021bi online cu PaynoPain. Sigur, simplu \u0219i rapid - PaynoPain\",\"isPartOf\":{\"@id\":\"https:\\\/\\\/paynopain.com\\\/ro\\\/#website\"},\"datePublished\":\"2025-07-28T16:49:11+00:00\",\"dateModified\":\"2026-03-16T09:11:25+00:00\",\"description\":\"Cel mai eficient procesator de pl\u0103\u021bi pentru afacerea ta online. O platform\u0103 cu toate metodele de plat\u0103 de care ai nevoie. Afl\u0103 mai multe!\",\"breadcrumb\":{\"@id\":\"https:\\\/\\\/paynopain.com\\\/ro\\\/#breadcrumb\"},\"inLanguage\":\"ro-RO\",\"potentialAction\":[{\"@type\":\"ReadAction\",\"target\":[\"https:\\\/\\\/paynopain.com\\\/ro\\\/\"]}]},{\"@type\":\"BreadcrumbList\",\"@id\":\"https:\\\/\\\/paynopain.com\\\/ro\\\/#breadcrumb\",\"itemListElement\":[{\"@type\":\"ListItem\",\"position\":1,\"name\":\"Portada\",\"item\":\"https:\\\/\\\/paynopain.com\\\/ro\\\/\"},{\"@type\":\"ListItem\",\"position\":2,\"name\":\"Paynopain\"}]},{\"@type\":\"WebSite\",\"@id\":\"https:\\\/\\\/paynopain.com\\\/ro\\\/#website\",\"url\":\"https:\\\/\\\/paynopain.com\\\/ro\\\/\",\"name\":\"PaynoPain\",\"description\":\"\",\"potentialAction\":[{\"@type\":\"SearchAction\",\"target\":{\"@type\":\"EntryPoint\",\"urlTemplate\":\"https:\\\/\\\/paynopain.com\\\/ro\\\/?s={search_term_string}\"},\"query-input\":{\"@type\":\"PropertyValueSpecification\",\"valueRequired\":true,\"valueName\":\"search_term_string\"}}],\"inLanguage\":\"ro-RO\"}]}<\/script>\n<!-- \/ Yoast SEO plugin. -->","yoast_head_json":{"title":"Accept\u0103 pl\u0103\u021bi online cu PaynoPain. Sigur, simplu \u0219i rapid - PaynoPain","description":"Cel mai eficient procesator de pl\u0103\u021bi pentru afacerea ta online. O platform\u0103 cu toate metodele de plat\u0103 de care ai nevoie. Afl\u0103 mai multe!","robots":{"index":"index","follow":"follow","max-snippet":"max-snippet:-1","max-image-preview":"max-image-preview:large","max-video-preview":"max-video-preview:-1"},"canonical":"https:\/\/paynopain.com\/ro\/","og_locale":"ro_RO","og_type":"article","og_title":"Accept\u0103 pl\u0103\u021bi online cu PaynoPain. Sigur, simplu \u0219i rapid - PaynoPain","og_description":"Cel mai eficient procesator de pl\u0103\u021bi pentru afacerea ta online. O platform\u0103 cu toate metodele de plat\u0103 de care ai nevoie. Afl\u0103 mai multe!","og_url":"https:\/\/paynopain.com\/ro\/","og_site_name":"PaynoPain","article_modified_time":"2026-03-16T09:11:25+00:00","twitter_card":"summary_large_image","schema":{"@context":"https:\/\/schema.org","@graph":[{"@type":"WebPage","@id":"https:\/\/paynopain.com\/ro\/","url":"https:\/\/paynopain.com\/ro\/","name":"Accept\u0103 pl\u0103\u021bi online cu PaynoPain. Sigur, simplu \u0219i rapid - PaynoPain","isPartOf":{"@id":"https:\/\/paynopain.com\/ro\/#website"},"datePublished":"2025-07-28T16:49:11+00:00","dateModified":"2026-03-16T09:11:25+00:00","description":"Cel mai eficient procesator de pl\u0103\u021bi pentru afacerea ta online. O platform\u0103 cu toate metodele de plat\u0103 de care ai nevoie. Afl\u0103 mai multe!","breadcrumb":{"@id":"https:\/\/paynopain.com\/ro\/#breadcrumb"},"inLanguage":"ro-RO","potentialAction":[{"@type":"ReadAction","target":["https:\/\/paynopain.com\/ro\/"]}]},{"@type":"BreadcrumbList","@id":"https:\/\/paynopain.com\/ro\/#breadcrumb","itemListElement":[{"@type":"ListItem","position":1,"name":"Portada","item":"https:\/\/paynopain.com\/ro\/"},{"@type":"ListItem","position":2,"name":"Paynopain"}]},{"@type":"WebSite","@id":"https:\/\/paynopain.com\/ro\/#website","url":"https:\/\/paynopain.com\/ro\/","name":"PaynoPain","description":"","potentialAction":[{"@type":"SearchAction","target":{"@type":"EntryPoint","urlTemplate":"https:\/\/paynopain.com\/ro\/?s={search_term_string}"},"query-input":{"@type":"PropertyValueSpecification","valueRequired":true,"valueName":"search_term_string"}}],"inLanguage":"ro-RO"}]}},"_links":{"self":[{"href":"https:\/\/paynopain.com\/ro\/wp-json\/wp\/v2\/pages\/9600","targetHints":{"allow":["GET"]}}],"collection":[{"href":"https:\/\/paynopain.com\/ro\/wp-json\/wp\/v2\/pages"}],"about":[{"href":"https:\/\/paynopain.com\/ro\/wp-json\/wp\/v2\/types\/page"}],"author":[{"embeddable":true,"href":"https:\/\/paynopain.com\/ro\/wp-json\/wp\/v2\/users\/1"}],"replies":[{"embeddable":true,"href":"https:\/\/paynopain.com\/ro\/wp-json\/wp\/v2\/comments?post=9600"}],"version-history":[{"count":15,"href":"https:\/\/paynopain.com\/ro\/wp-json\/wp\/v2\/pages\/9600\/revisions"}],"predecessor-version":[{"id":16162,"href":"https:\/\/paynopain.com\/ro\/wp-json\/wp\/v2\/pages\/9600\/revisions\/16162"}],"wp:attachment":[{"href":"https:\/\/paynopain.com\/ro\/wp-json\/wp\/v2\/media?parent=9600"}],"curies":[{"name":"wp","href":"https:\/\/api.w.org\/{rel}","templated":true}]}}